{"id":22129,"date":"2022-02-21T18:53:05","date_gmt":"2022-02-21T17:53:05","guid":{"rendered":"https:\/\/winback-academy.org\/menzioni-legali\/"},"modified":"2022-03-14T11:45:21","modified_gmt":"2022-03-14T10:45:21","slug":"menzioni-legali","status":"publish","type":"page","link":"https:\/\/winback-academy.org\/it\/menzioni-legali\/","title":{"rendered":"Menzioni legali"},"content":{"rendered":"\t\t<div data-elementor-type=\"wp-page\" data-elementor-id=\"22129\" class=\"elementor elementor-22129 elementor-17457\" data-elementor-post-type=\"page\">\n\t\t\t\t\t\t<section class=\"elementor-section elementor-top-section elementor-element elementor-element-f993deb elementor-section-boxed elementor-section-height-default elementor-section-height-default\" data-id=\"f993deb\" data-element_type=\"section\">\n\t\t\t\t\t\t<div class=\"elementor-container elementor-column-gap-default\">\n\t\t\t\t\t<div class=\"elementor-column elementor-col-100 elementor-top-column elementor-element elementor-element-7689151a\" data-id=\"7689151a\" data-element_type=\"column\">\n\t\t\t<div class=\"elementor-widget-wrap elementor-element-populated\">\n\t\t\t\t\t\t<div class=\"elementor-element elementor-element-a0a6000 elementor-widget elementor-widget-image\" data-id=\"a0a6000\" data-element_type=\"widget\" data-widget_type=\"image.default\">\n\t\t\t\t<div class=\"elementor-widget-container\">\n\t\t\t\t\t\t\t\t\t\t\t\t\t\t\t<img decoding=\"async\" src=\"https:\/\/winback-academy.org\/wp-content\/uploads\/elementor\/thumbs\/wk_academy_vertical_bicolor_black-rbv4kk7m105cynn6u1v4tlvq79nhv8il9etudsnh4a.png\" title=\"wk_academy_vertical_bicolor_black\" alt=\"wk_academy_vertical_bicolor_black\" loading=\"lazy\" \/>\t\t\t\t\t\t\t\t\t\t\t\t\t\t\t<\/div>\n\t\t\t\t<\/div>\n\t\t\t\t<div class=\"elementor-element elementor-element-cca3b9b elementor-widget elementor-widget-heading\" data-id=\"cca3b9b\" data-element_type=\"widget\" data-widget_type=\"heading.default\">\n\t\t\t\t<div class=\"elementor-widget-container\">\n\t\t\t\t\t<h1 class=\"elementor-heading-title elementor-size-default\">Menzioni legali<\/h1>\t\t\t\t<\/div>\n\t\t\t\t<\/div>\n\t\t\t\t<div class=\"elementor-element elementor-element-1c3b2463 elementor-widget elementor-widget-text-editor\" data-id=\"1c3b2463\" data-element_type=\"widget\" data-widget_type=\"text-editor.default\">\n\t\t\t\t<div class=\"elementor-widget-container\">\n\t\t\t\t\t<div class=\"bb-theme-elementor-wrap bb-elementor-custom-size\">\t\t\t\t<p><em>Ultimo aggiornamento il 11 gennaio 2022<\/em><\/p><h2>EDITORE<\/h2><p>La piattaforma Winback Academy \u00e8 curata da:<br>SWIMS SAS &#8211; Les Bureaux du Parc &#8211; 2474, route d\u00e9partementale 6007 &#8211; 06270 Villeneuve Loubet<br>NUMERO SIRET: 51529863600124<br>Potete contattarci tramite:<br>Email: <a style=\"background-color: #fafbfd;\" href=\"mailto:hello@winback.com\">hello@winback.com<\/a><br>Numero di telefono del servizio clienti: (+33) 4 83 66 16 66<\/p><p>Direttore della pubblicazione: Christophe Bu\u00e9e, CEO &#8211; <a href=\"mailto:hello@winback.com\">hello@winback.com<\/a><br>Webmaster: Christophe Bu\u00e9e, CEO &#8211; <a href=\"mailto:hello@winback.com\">hello@winback.com<\/a><\/p><h2>WEB HOSTING<\/h2><p>Il nostro web host \u00e8 la societ\u00e0 Infomaniak SA, Rue Eug\u00e8ne-Marziano 25 &#8211; Ginevra &#8211; Svizzera. Potete contattare il nostro web host al (+41) 2 28 20 35 41 o scrivendo a <a href=\"mailto:support@infomaniak.com\">support@infomaniak.com<\/a>.<\/p><p>I dati specifici della registrazione sono ospitati dalla societ\u00e0 CleverCloud SAS, 3 rue de l&#8217;Allier, 44000 Nantes &#8211; Francia. Potete contattarli al (+33) 2 85 52 07 69 o <a href=\"mailto:support@clever-cloud.com\">support@clever-cloud.com<\/a>.<\/p><h2>CONDIZIONI GENERALI DI UTILIZZO DEL SITO WEB E DEI SERVIZI<\/h2><p>L&#8217;uso del sito winback-academy.org implica la piena accettazione delle condizioni generali di utilizzo descritte di seguito. Queste condizioni d&#8217;uso possono essere modificate o integrate in qualsiasi momento e gli utenti del sito winback-academy.org sono pertanto invitati a consultarle regolarmente.<br>Questo sito \u00e8 normalmente accessibile agli utenti in ogni momento. Tuttavia, SWIMS SAS pu\u00f2 decidere di interrompere il sito per motivi di manutenzione tecnica. In tal caso, SWIMS SAS cercher\u00e0 di informare in anticipo gli utenti delle date e degli orari dell&#8217;intervento.<br>Il sito winback-academy.org viene aggiornato regolarmente. Allo stesso modo, le menzioni legali possono essere modificate in qualsiasi momento: esse sono tuttavia vincolanti per l&#8217;utente, che \u00e8 invitato a farvi riferimento il pi\u00f9 spesso possibile per leggerle.<\/p><h2>DESCRIZIONE DEI SERVIZI FORNITI<\/h2><p>Lo scopo del sito winback-academy.org \u00e8 quello di fornire informazioni su tutte le attivit\u00e0 della societ\u00e0.<br>SWIMS SAS si sforza di fornire informazioni sul sito winback-academy.org che sono informazioni il pi\u00f9 accurate possibile. Tuttavia, non pu\u00f2 essere ritenuta responsabile di omissioni, imprecisioni e carenze nell&#8217;aggiornamento, sia che queste siano colpa sua o dei partner terzi che forniscono queste informazioni.<br>Tutte le informazioni fornite sul sito winback-academy.org sono date a titolo indicativo e possono cambiare. Inoltre, le informazioni sul sito winback-academy.org non sono esaustive. \u00c8 dato sotto riserva di modifiche che sono avvenute da quando \u00e8 stato messo in linea.<\/p><h2>PROPRIET\u00c0 INTELLETTUALE E VIOLAZIONE DEL COPYRIGHT<\/h2><p>SWIMS SAS \u00e8 titolare dei diritti di propriet\u00e0 intellettuale o detiene i diritti d&#8217;uso su tutti gli elementi accessibili sul sito, in particolare i testi, le immagini, la grafica, i loghi, le icone, i suoni e i software.<br>Qualsiasi riproduzione, rappresentazione, modifica, pubblicazione, adattamento di tutti o parte degli elementi del sito, qualunque sia il mezzo o il processo utilizzato, \u00e8 vietato, salvo previa autorizzazione scritta di: SWIMS SAS.<br>Qualsiasi uso non autorizzato del sito o di uno qualsiasi degli elementi che contiene sar\u00e0 considerato come una violazione e sar\u00e0 perseguito conformemente alle disposizioni degli articoli L.335-2 del Codice della Propriet\u00e0 Intellettuale.<br>Le regole per la raccolta e il trattamento dei dati personali sono descritte nella nostra pagina RGPD.<\/p><h2>LIMITAZIONI DI RESPONSABILIT\u00c0<\/h2><p>Le comunit\u00e0 interattive (possibilit\u00e0 di fare domande) sono a disposizione degli utenti. SWIMS SAS si riserva il diritto di cancellare, senza preavviso, qualsiasi contenuto pubblicato in queste sezioni che violi la legislazione applicabile in Francia, in particolare le disposizioni relative alla protezione dei dati. Se del caso, SWIMS SAS si riserva anche la possibilit\u00e0 di invocare la responsabilit\u00e0 civile e\/o penale dell&#8217;utente, in particolare in caso di messaggi di carattere razzista, insultante, diffamatorio o pornografico, indipendentemente dal mezzo utilizzato (testo, fotografie, ecc.).<\/p><p>Per qualsiasi segnalazione riguardante contenuti illegali, ti invitiamo a contattare direttamente la polizia.<br>La societ\u00e0 SWIMS SAS deve inoltre essere informata al fine di adottare le misure necessarie per evitare il ripetersi di comportamenti illegali da parte di questo utente di Internet. Potete inviarci qualsiasi segnalazione abusiva e\/o illegale via e-mail al seguente indirizzo: croux@winback.com<\/p><p>Specifico per la Francia: In caso di contenuti illegali su Internet che sono pubblici e accessibili a diversi utenti di Internet, \u00e8 anche possibile segnalarli in modo anonimo direttamente tramite il sito PHAROS sviluppato dal Ministero dell&#8217;Interno e dedicato esclusivamente alla segnalazione di contenuti illegali su Internet: <a href=\"https:\/\/www.internet-signalement.gouv.fr\/PortailWeb\/planets\/SignalerEtapeAccepter!load.action\" target=\"_blank\" rel=\"noopener\">segnalare contenuti inappropriati<\/a><\/p><p>SWIMS SAS non potr\u00e0 essere ritenuta responsabile delle conseguenze e dei danni conseguenti all&#8217;applicazione di consigli condivisi da terzi attraverso la sezione community. Qualsiasi consiglio condiviso da terzi o dai nostri allenatori non costituisce un consiglio medico, una diagnosi o una prescrizione. Se avete dubbi o domande, contattate l&#8217;azienda al seguente indirizzo: <a href=\"mailto:hello@winback.com\">hello@winback.com<\/a>.<\/p>\t\t\t\t<\/div>\t\t\t\t<\/div>\n\t\t\t\t<\/div>\n\t\t\t\t\t<\/div>\n\t\t<\/div>\n\t\t\t\t\t<\/div>\n\t\t<\/section>\n\t\t\t\t<\/div>\n\t\t","protected":false},"excerpt":{"rendered":"<p>Menzioni legali Ultimo aggiornamento il 11 gennaio 2022 EDITORE La piattaforma Winback Academy \u00e8 curata da:SWIMS SAS &#8211; Les Bureaux du Parc &#8211; 2474, route&hellip;<\/p>\n","protected":false},"author":27,"featured_media":0,"parent":0,"menu_order":0,"comment_status":"closed","ping_status":"closed","template":"page-fullscreen.php","meta":{"_acf_changed":false,"_eb_attr":"","content-type":"","pmpro_default_level":"","_price":"","_stock":"","_tribe_ticket_header":"","_tribe_default_ticket_provider":"","_tribe_ticket_capacity":"0","_ticket_start_date":"","_ticket_end_date":"","_tribe_ticket_show_description":"","_tribe_ticket_show_not_going":false,"_tribe_ticket_use_global_stock":"","_tribe_ticket_global_stock_level":"","_global_stock_mode":"","_global_stock_cap":"","_tribe_rsvp_for_event":"","_tribe_ticket_going_count":"","_tribe_ticket_not_going_count":"","_tribe_tickets_list":"[]","_tribe_ticket_has_attendee_info_fields":false,"footnotes":""},"class_list":["post-22129","page","type-page","status-publish","hentry","pmpro-has-access"],"acf":[],"_links":{"self":[{"href":"https:\/\/winback-academy.org\/it\/wp-json\/wp\/v2\/pages\/22129","targetHints":{"allow":["GET"]}}],"collection":[{"href":"https:\/\/winback-academy.org\/it\/wp-json\/wp\/v2\/pages"}],"about":[{"href":"https:\/\/winback-academy.org\/it\/wp-json\/wp\/v2\/types\/page"}],"author":[{"embeddable":true,"href":"https:\/\/winback-academy.org\/it\/wp-json\/wp\/v2\/users\/27"}],"replies":[{"embeddable":true,"href":"https:\/\/winback-academy.org\/it\/wp-json\/wp\/v2\/comments?post=22129"}],"version-history":[{"count":0,"href":"https:\/\/winback-academy.org\/it\/wp-json\/wp\/v2\/pages\/22129\/revisions"}],"wp:attachment":[{"href":"https:\/\/winback-academy.org\/it\/wp-json\/wp\/v2\/media?parent=22129"}],"curies":[{"name":"wp","href":"https:\/\/api.w.org\/{rel}","templated":true}]}}