{"id":17459,"date":"2022-01-10T19:31:35","date_gmt":"2022-01-10T18:31:35","guid":{"rendered":"https:\/\/winback-academy.org\/mentions-legales\/"},"modified":"2022-04-27T11:08:20","modified_gmt":"2022-04-27T09:08:20","slug":"mentions-legales","status":"publish","type":"page","link":"https:\/\/winback-academy.org\/fr\/mentions-legales\/","title":{"rendered":"Mentions l\u00e9gales"},"content":{"rendered":"\t\t<div data-elementor-type=\"wp-page\" data-elementor-id=\"17459\" class=\"elementor elementor-17459 elementor-17457\" data-elementor-post-type=\"page\">\n\t\t\t\t\t\t<section class=\"elementor-section elementor-top-section elementor-element elementor-element-f993deb elementor-section-boxed elementor-section-height-default elementor-section-height-default\" data-id=\"f993deb\" data-element_type=\"section\">\n\t\t\t\t\t\t<div class=\"elementor-container elementor-column-gap-default\">\n\t\t\t\t\t<div class=\"elementor-column elementor-col-100 elementor-top-column elementor-element elementor-element-7689151a\" data-id=\"7689151a\" data-element_type=\"column\">\n\t\t\t<div class=\"elementor-widget-wrap elementor-element-populated\">\n\t\t\t\t\t\t<div class=\"elementor-element elementor-element-a0a6000 elementor-widget elementor-widget-image\" data-id=\"a0a6000\" data-element_type=\"widget\" data-widget_type=\"image.default\">\n\t\t\t\t<div class=\"elementor-widget-container\">\n\t\t\t\t\t\t\t\t\t\t\t\t\t\t\t<img decoding=\"async\" src=\"https:\/\/winback-academy.org\/wp-content\/uploads\/elementor\/thumbs\/wk_academy_vertical_bicolor_black-rbv4kk7m105cynn6u1v4tlvq79nhv8il9etudsnh4a.png\" title=\"wk_academy_vertical_bicolor_black\" alt=\"wk_academy_vertical_bicolor_black\" loading=\"lazy\" \/>\t\t\t\t\t\t\t\t\t\t\t\t\t\t\t<\/div>\n\t\t\t\t<\/div>\n\t\t\t\t<div class=\"elementor-element elementor-element-cca3b9b elementor-widget elementor-widget-heading\" data-id=\"cca3b9b\" data-element_type=\"widget\" data-widget_type=\"heading.default\">\n\t\t\t\t<div class=\"elementor-widget-container\">\n\t\t\t\t\t<h1 class=\"elementor-heading-title elementor-size-default\">Mentions l\u00e9gales<\/h1>\t\t\t\t<\/div>\n\t\t\t\t<\/div>\n\t\t\t\t<div class=\"elementor-element elementor-element-1c3b2463 elementor-widget elementor-widget-text-editor\" data-id=\"1c3b2463\" data-element_type=\"widget\" data-widget_type=\"text-editor.default\">\n\t\t\t\t<div class=\"elementor-widget-container\">\n\t\t\t\t\t<div class=\"bb-theme-elementor-wrap bb-elementor-custom-size\">\t\t\t\t<p><em>Derni\u00e8re mise \u00e0 jour le 11 janvier 2022<\/em><\/p>\n<h2>\u00c9DITEUR<\/h2>\n<p>La plateforme de la Winback Academy est \u00e9dit\u00e9e par :<br>SWIMS SAS &#8211; Les Bureaux du Parc &#8211; 2474, route d\u00e9partementale 6007 &#8211; 06270 Villeneuve Loubet<br>NUM\u00c9RO DE SIRET : 51529863600124<br>Vous pouvez nous contacter par :<br>Courriel : <a style=\"background-color: #fafbfd;\" href=\"mailto:hello@winback.com\">hello@winback.com<\/a><br>Num\u00e9ro de t\u00e9l\u00e9phone du service client\u00e8le : (+33) 4 83 66 16 66<\/p>\n<p>Directeur de publication : Christophe Bu\u00e9e, PDG &#8211; <a href=\"mailto:hello@winback.com\">hello@winback.com<\/a><br>Webmaster : Christophe Bu\u00e9e, PDG &#8211; <a href=\"mailto:hello@winback.com\">hello@winback.com<\/a><\/p>\n<h2>H\u00c9BERGEMENT WEB<\/h2>\n<p>Notre h\u00e9bergeur est la soci\u00e9t\u00e9 Infomaniak SA, Rue Eug\u00e8ne-Marziano 25 &#8211; Gen\u00e8ve &#8211; Suisse. Vous pouvez contacter notre h\u00e9bergeur au (+41) 2 28 20 35 41 ou en \u00e9crivant \u00e0 <a href=\"mailto:support@infomaniak.com\">support@infomaniak.com<\/a>.<\/p>\n<p>Les donn\u00e9es propres \u00e0 l&rsquo;enregistrement sont h\u00e9berg\u00e9es par la soci\u00e9t\u00e9 CleverCloud SAS, 3 rue de l&rsquo;Allier, 44000 Nantes &#8211; France. Vous pouvez les contacter au (+33) 2 85 52 07 69 ou \u00e0 <a href=\"mailto:support@clever-cloud.com\">support@clever-cloud.com<\/a>.<\/p>\n<h2>CONDITIONS G\u00c9N\u00c9RALES D&rsquo;UTILISATION DU SITE ET CONDITIONS D&rsquo;UTILISATION DU SERVICE<\/h2>\n<p>L&rsquo;utilisation du site winback-academy.org implique l&rsquo;acceptation pleine et enti\u00e8re des conditions g\u00e9n\u00e9rales d&rsquo;utilisation ci-apr\u00e8s d\u00e9crites. Ces conditions d&rsquo;utilisation sont susceptibles d&rsquo;\u00eatre modifi\u00e9es ou compl\u00e9t\u00e9es \u00e0 tout moment, les utilisateurs du site winback-academy.org sont donc invit\u00e9s \u00e0 les consulter de mani\u00e8re r\u00e9guli\u00e8re.<br>Ce site est normalement accessible aux utilisateurs \u00e0 tout moment. Toutefois, SWIMS SAS peut d\u00e9cider d&rsquo;interrompre le site pour des raisons de maintenance technique. Dans ce cas, SWIMS SAS s&rsquo;efforcera d&rsquo;informer pr\u00e9alablement les utilisateurs des dates et heures de l&rsquo;intervention.<br>Le site winback-academy.org est mis \u00e0 jour r\u00e9guli\u00e8rement. De m\u00eame, les mentions l\u00e9gales peuvent \u00eatre modifi\u00e9es \u00e0 tout moment : elles s&rsquo;imposent n\u00e9anmoins \u00e0 l&rsquo;utilisateur, qui est invit\u00e9 \u00e0 s&rsquo;y r\u00e9f\u00e9rer le plus souvent possible afin d&rsquo;en prendre connaissance.<\/p>\n<h2>DESCRIPTION DES SERVICES FOURNIS<\/h2>\n<p>Le site winback-academy.org a pour objet de fournir une information concernant l&rsquo;ensemble des activit\u00e9s de la soci\u00e9t\u00e9.<br>SWIMS SAS s&rsquo;efforce de fournir sur le site winback-academy.org des informations aussi pr\u00e9cises que possible. Toutefois, il ne peut \u00eatre tenu responsable des omissions, des inexactitudes et des carences dans la mise \u00e0 jour, qu&rsquo;elles soient de son fait ou du fait des tiers partenaires qui fournissent ces informations.<br>Tous les informations indiqu\u00e9es sur le site winback-academy.org sont donn\u00e9es \u00e0 titre indicatif, et sont susceptibles d&rsquo;\u00e9voluer. Par ailleurs, les renseignements figurant sur le site winback-academy.org ne sont pas exhaustifs. Il est donn\u00e9 sous r\u00e9serve des modifications intervenues depuis sa mise en ligne.<\/p>\n<h2>PROPRI\u00c9T\u00c9 INTELLECTUELLE ET VIOLATION DES DROITS D&rsquo;AUTEUR<\/h2>\n<p>SWIMS SAS est propri\u00e9taire des droits de propri\u00e9t\u00e9 intellectuelle ou d\u00e9tient les droits d&rsquo;usage sur tous les \u00e9l\u00e9ments accessibles sur le site, notamment les textes, images, graphismes, logo, ic\u00f4nes, sons, logiciels.<br>Toute reproduction, repr\u00e9sentation, modification, publication, adaptation de tout ou partie des \u00e9l\u00e9ments du site, quel que soit le moyen ou le proc\u00e9d\u00e9 utilis\u00e9, est interdite, sauf autorisation \u00e9crite pr\u00e9alable de : SWIMS SAS.<br>Toute utilisation non autoris\u00e9e du site ou de l&rsquo;un des \u00e9l\u00e9ments qu&rsquo;il contient sera consid\u00e9r\u00e9e comme constitutive d&rsquo;une contrefa\u00e7on et poursuivie conform\u00e9ment aux dispositions des articles L.335-2 du Code de la propri\u00e9t\u00e9 intellectuelle.<br>Les r\u00e8gles de collecte et de traitement des donn\u00e9es personnelles sont d\u00e9crites dans notre page RGPD.<\/p>\n<h2>LIMITATIONS DE RESPONSABILIT\u00c9<\/h2>\n<p>Des communaut\u00e9s interactives (possibilit\u00e9 de poser des questions) sont \u00e0 la disposition des utilisateurs. SWIMS SAS se r\u00e9serve le droit de supprimer, sans mise en demeure pr\u00e9alable, tout contenu d\u00e9pos\u00e9 dans ces rubriques qui contreviendrait \u00e0 la l\u00e9gislation applicable en France, en particulier aux dispositions relatives \u00e0 la protection des donn\u00e9es. Le cas \u00e9ch\u00e9ant, SWIMS SAS se r\u00e9serve \u00e9galement la possibilit\u00e9 de mettre en cause la responsabilit\u00e9 civile et\/ou p\u00e9nale de l&rsquo;utilisateur, notamment en cas de message \u00e0 caract\u00e8re raciste, injurieux, diffamant, ou pornographique, quel que soit le support utilis\u00e9 (texte, photographie&#8230;).<\/p>\n<p>Pour tout rapport concernant un contenu ill\u00e9gal, nous vous encourageons \u00e0 contacter directement la police.<br>La soci\u00e9t\u00e9 SWIMS SAS doit \u00e9galement \u00eatre inform\u00e9e afin de prendre les mesures n\u00e9cessaires pour pr\u00e9venir toute r\u00e9cidive de comportement ill\u00e9gal de la part de cet internaute. Vous pouvez nous envoyer tout rapport abusif et\/ou ill\u00e9gal par e-mail \u00e0 l&rsquo;adresse suivante : croux@winback.com.<\/p>\n<p>Sp\u00e9cifique \u00e0 la France : Dans le cas d&rsquo;un contenu illicite sur Internet qui est public et accessible \u00e0 plusieurs internautes, vous pouvez \u00e9galement le signaler de mani\u00e8re anonyme directement via le site PHAROS d\u00e9velopp\u00e9 par le minist\u00e8re de l&rsquo;Int\u00e9rieur et d\u00e9di\u00e9 exclusivement au signalement des contenus illicites sur Internet : <a href=\"https:\/\/www.internet-signalement.gouv.fr\/PortailWeb\/planets\/SignalerEtapeAccepter!load.action\" target=\"_blank\" rel=\"noopener\">signaler un contenu inappropri\u00e9<\/a>.<\/p>\n<p>SWIMS SAS ne pourra \u00eatre tenue responsable des cons\u00e9quences et dommages cons\u00e9cutifs \u00e0 l&rsquo;application des conseils partag\u00e9s entre tiers via la section communautaire. Tout conseil partag\u00e9 entre des tiers ou par nos formateurs ne constitue pas un avis m\u00e9dical, un diagnostic ou une prescription. Si vous avez des doutes ou des questions, veuillez contacter la soci\u00e9t\u00e9 \u00e0 l&rsquo;adresse suivante : <a href=\"mailto:hello@winback.com\">hello@winback.com<\/a>.<\/p>\t\t\t\t<\/div>\t\t\t\t<\/div>\n\t\t\t\t<\/div>\n\t\t\t\t\t<\/div>\n\t\t<\/div>\n\t\t\t\t\t<\/div>\n\t\t<\/section>\n\t\t\t\t<\/div>\n\t\t","protected":false},"excerpt":{"rendered":"<p>Mentions l\u00e9gales Derni\u00e8re mise \u00e0 jour le 11 janvier 2022 \u00c9DITEUR La plateforme de la Winback Academy est \u00e9dit\u00e9e par :SWIMS SAS &#8211; Les Bureaux&hellip;<\/p>\n","protected":false},"author":27,"featured_media":0,"parent":0,"menu_order":0,"comment_status":"closed","ping_status":"closed","template":"page-fullscreen.php","meta":{"_acf_changed":false,"_eb_attr":"","content-type":"","pmpro_default_level":"","_price":"","_stock":"","_tribe_ticket_header":"","_tribe_default_ticket_provider":"","_tribe_ticket_capacity":"0","_ticket_start_date":"","_ticket_end_date":"","_tribe_ticket_show_description":"","_tribe_ticket_show_not_going":false,"_tribe_ticket_use_global_stock":"","_tribe_ticket_global_stock_level":"","_global_stock_mode":"","_global_stock_cap":"","_tribe_rsvp_for_event":"","_tribe_ticket_going_count":"","_tribe_ticket_not_going_count":"","_tribe_tickets_list":"[]","_tribe_ticket_has_attendee_info_fields":false,"footnotes":""},"class_list":["post-17459","page","type-page","status-publish","hentry","pmpro-has-access"],"acf":[],"_links":{"self":[{"href":"https:\/\/winback-academy.org\/fr\/wp-json\/wp\/v2\/pages\/17459","targetHints":{"allow":["GET"]}}],"collection":[{"href":"https:\/\/winback-academy.org\/fr\/wp-json\/wp\/v2\/pages"}],"about":[{"href":"https:\/\/winback-academy.org\/fr\/wp-json\/wp\/v2\/types\/page"}],"author":[{"embeddable":true,"href":"https:\/\/winback-academy.org\/fr\/wp-json\/wp\/v2\/users\/27"}],"replies":[{"embeddable":true,"href":"https:\/\/winback-academy.org\/fr\/wp-json\/wp\/v2\/comments?post=17459"}],"version-history":[{"count":0,"href":"https:\/\/winback-academy.org\/fr\/wp-json\/wp\/v2\/pages\/17459\/revisions"}],"wp:attachment":[{"href":"https:\/\/winback-academy.org\/fr\/wp-json\/wp\/v2\/media?parent=17459"}],"curies":[{"name":"wp","href":"https:\/\/api.w.org\/{rel}","templated":true}]}}