{"id":27993,"date":"2022-04-28T10:08:34","date_gmt":"2022-04-28T08:08:34","guid":{"rendered":"https:\/\/winback-academy.org\/plataforma-de-la-academia-winback-bienvenido\/"},"modified":"2026-02-04T11:44:22","modified_gmt":"2026-02-04T10:44:22","slug":"plataforma-winback-academy-bienvenido","status":"publish","type":"page","link":"https:\/\/winback-academy.org\/es\/plataforma-winback-academy-bienvenido\/","title":{"rendered":"Plataforma Winback Academy &#8211; Bienvenido"},"content":{"rendered":"\t\t<div data-elementor-type=\"wp-page\" data-elementor-id=\"27993\" class=\"elementor elementor-27993 elementor-27989\" data-elementor-post-type=\"page\">\n\t\t\t\t\t\t<section class=\"elementor-section elementor-top-section elementor-element elementor-element-a3e6a11 elementor-section-height-full elementor-section-full_width elementor-reverse-tablet elementor-reverse-mobile elementor-section-height-default elementor-section-items-middle elementor-invisible\" data-id=\"a3e6a11\" data-element_type=\"section\" data-settings=\"{&quot;background_background&quot;:&quot;classic&quot;,&quot;animation&quot;:&quot;fadeIn&quot;}\">\n\t\t\t\t\t\t\t<div class=\"elementor-background-overlay\"><\/div>\n\t\t\t\t\t\t\t<div class=\"elementor-container elementor-column-gap-no\">\n\t\t\t\t\t<div class=\"elementor-column elementor-col-50 elementor-top-column elementor-element elementor-element-9d7039c elementor-hidden-tablet elementor-hidden-mobile elementor-invisible\" data-id=\"9d7039c\" data-element_type=\"column\" data-settings=\"{&quot;background_background&quot;:&quot;classic&quot;,&quot;animation&quot;:&quot;zoomIn&quot;,&quot;animation_delay&quot;:0}\">\n\t\t\t<div class=\"elementor-widget-wrap\">\n\t\t\t\t\t<div class=\"elementor-background-overlay\"><\/div>\n\t\t\t\t\t\t\t<\/div>\n\t\t<\/div>\n\t\t\t\t<div class=\"elementor-column elementor-col-50 elementor-top-column elementor-element elementor-element-f90787c elementor-invisible\" data-id=\"f90787c\" data-element_type=\"column\" id=\"hyper\" data-settings=\"{&quot;background_background&quot;:&quot;classic&quot;,&quot;animation&quot;:&quot;zoomIn&quot;,&quot;animation_delay&quot;:0}\">\n\t\t\t<div class=\"elementor-widget-wrap elementor-element-populated\">\n\t\t\t\t\t\t<div class=\"elementor-element elementor-element-6728bfe elementor-widget elementor-widget-image\" data-id=\"6728bfe\" data-element_type=\"widget\" data-widget_type=\"image.default\">\n\t\t\t\t<div class=\"elementor-widget-container\">\n\t\t\t\t\t\t\t\t\t\t\t\t\t\t\t<img fetchpriority=\"high\" decoding=\"async\" width=\"817\" height=\"463\" src=\"https:\/\/winback-academy.org\/wp-content\/uploads\/2021\/10\/wk_academy_vertical_bicolor_black.png\" class=\"attachment-full size-full wp-image-21251\" alt=\"\" srcset=\"https:\/\/winback-academy.org\/wp-content\/uploads\/2021\/10\/wk_academy_vertical_bicolor_black.png 817w, https:\/\/winback-academy.org\/wp-content\/uploads\/2021\/10\/wk_academy_vertical_bicolor_black-300x170.png 300w, https:\/\/winback-academy.org\/wp-content\/uploads\/2021\/10\/wk_academy_vertical_bicolor_black-768x435.png 768w, https:\/\/winback-academy.org\/wp-content\/uploads\/2021\/10\/wk_academy_vertical_bicolor_black-500x283.png 500w, https:\/\/winback-academy.org\/wp-content\/uploads\/2021\/10\/wk_academy_vertical_bicolor_black-400x227.png 400w, https:\/\/winback-academy.org\/wp-content\/uploads\/2021\/10\/wk_academy_vertical_bicolor_black-624x354.png 624w\" sizes=\"(max-width: 817px) 100vw, 817px\" \/>\t\t\t\t\t\t\t\t\t\t\t\t\t\t\t<\/div>\n\t\t\t\t<\/div>\n\t\t\t\t<div class=\"elementor-element elementor-element-3afc8fd elementor-widget elementor-widget-heading\" data-id=\"3afc8fd\" data-element_type=\"widget\" data-widget_type=\"heading.default\">\n\t\t\t\t<div class=\"elementor-widget-container\">\n\t\t\t\t\t<h1 class=\"elementor-heading-title elementor-size-default\">TERAPEUTAS, \u00a1\u00daNANSE A LA COMUNIDAD DE WINBACK ACADEMY!<\/h1>\t\t\t\t<\/div>\n\t\t\t\t<\/div>\n\t\t\t\t<div class=\"elementor-element elementor-element-bf97426 elementor-widget elementor-widget-text-editor\" data-id=\"bf97426\" data-element_type=\"widget\" data-widget_type=\"text-editor.default\">\n\t\t\t\t<div class=\"elementor-widget-container\">\n\t\t\t\t\t<div class=\"bb-theme-elementor-wrap bb-elementor-custom-size bb-elementor-mobile-custom-size bb-elementor-custom-line-height bb-elementor-mobile-custom-line-height\">\t\t\t\t<p>Tanto si es fisioterapeuta, oste\u00f3pata, quiropr\u00e1ctico, matrona, etc., equipado o no, descubra c\u00f3mo integrar las tecnolog\u00edas no invasivas Winback en su consulta.<\/p><p>Gracias a la plataforma Winback Academy, dispondr\u00e1 de todas las claves necesarias para ofrecer r\u00e1pidamente resultados duraderos a sus pacientes.<\/p>\t\t\t\t<\/div>\t\t\t\t<\/div>\n\t\t\t\t<\/div>\n\t\t\t\t<div class=\"elementor-element elementor-element-5e0e8e3 elementor-align-center elementor-widget elementor-widget-button\" data-id=\"5e0e8e3\" data-element_type=\"widget\" data-widget_type=\"button.default\">\n\t\t\t\t<div class=\"elementor-widget-container\">\n\t\t\t\t\t\t\t\t\t<div class=\"elementor-button-wrapper\">\n\t\t\t\t\t<a class=\"elementor-button elementor-button-link elementor-size-md\" href=\"https:\/\/register.winback-academy.org\">\n\t\t\t\t\t\t<span class=\"elementor-button-content-wrapper\">\n\t\t\t\t\t\t\t\t\t<span class=\"elementor-button-text\">CREAR MI CUENTA<\/span>\n\t\t\t\t\t<\/span>\n\t\t\t\t\t<\/a>\n\t\t\t\t<\/div>\n\t\t\t\t\t\t\t\t<\/div>\n\t\t\t\t<\/div>\n\t\t\t\t<div class=\"elementor-element elementor-element-1c750f3 elementor-widget elementor-widget-text-editor\" data-id=\"1c750f3\" data-element_type=\"widget\" data-widget_type=\"text-editor.default\">\n\t\t\t\t<div class=\"elementor-widget-container\">\n\t\t\t\t\t<div class=\"bb-theme-elementor-wrap bb-elementor-custom-size\">\t\t\t\t<p>o<\/p>\t\t\t\t<\/div>\t\t\t\t<\/div>\n\t\t\t\t<\/div>\n\t\t\t\t<div class=\"elementor-element elementor-element-d196a87 elementor-align-center elementor-widget elementor-widget-button\" data-id=\"d196a87\" data-element_type=\"widget\" data-widget_type=\"button.default\">\n\t\t\t\t<div class=\"elementor-widget-container\">\n\t\t\t\t\t\t\t\t\t<div class=\"elementor-button-wrapper\">\n\t\t\t\t\t<a class=\"elementor-button elementor-button-link elementor-size-md\" href=\"https:\/\/auth.winback-academy.org\/auth\/realms\/winback\/protocol\/openid-connect\/auth?client_id=wordpress&#038;scope=openid&#038;redirect_uri=https%3A%2F%2Fwinback-academy.org&#038;response_type=code\">\n\t\t\t\t\t\t<span class=\"elementor-button-content-wrapper\">\n\t\t\t\t\t\t\t\t\t<span class=\"elementor-button-text\">CON\u00c9CTAME<\/span>\n\t\t\t\t\t<\/span>\n\t\t\t\t\t<\/a>\n\t\t\t\t<\/div>\n\t\t\t\t\t\t\t\t<\/div>\n\t\t\t\t<\/div>\n\t\t\t\t<div class=\"elementor-element elementor-element-b932aff elementor-widget elementor-widget-text-editor\" data-id=\"b932aff\" data-element_type=\"widget\" data-widget_type=\"text-editor.default\">\n\t\t\t\t<div class=\"elementor-widget-container\">\n\t\t\t\t\t<div class=\"bb-theme-elementor-wrap bb-elementor-custom-size bb-elementor-mobile-custom-size bb-elementor-custom-line-height\">\t\t\t\t<p style=\"text-align: center;\"><a href=\"mailto:hello@winback-academy.org\">hello@winback-academy.org<\/a> | +33 0(4) 83 66 16 66 | WINBACK EUROPA SAS<br \/>20 avenue Victor Hugo 64200 Biarritz &#8211; Copyright @2026 Winback &#8211; Todos los derechos reservados<\/p>\t\t\t\t<\/div>\t\t\t\t<\/div>\n\t\t\t\t<\/div>\n\t\t\t\t\t<\/div>\n\t\t<\/div>\n\t\t\t\t\t<\/div>\n\t\t<\/section>\n\t\t\t\t<\/div>\n\t\t","protected":false},"excerpt":{"rendered":"<p>\u00a1Terapeuta, acceda a la tecarterapia Winback! Aprenda, comparta y \u00fanase a los expertos internacionales de Winback.<\/p>\n","protected":false},"author":27,"featured_media":28109,"parent":0,"menu_order":0,"comment_status":"closed","ping_status":"closed","template":"elementor_canvas","meta":{"_acf_changed":false,"_eb_attr":"","content-type":"","pmpro_default_level":"","_price":"","_stock":"","_tribe_ticket_header":"","_tribe_default_ticket_provider":"","_tribe_ticket_capacity":"0","_ticket_start_date":"","_ticket_end_date":"","_tribe_ticket_show_description":"","_tribe_ticket_show_not_going":false,"_tribe_ticket_use_global_stock":"","_tribe_ticket_global_stock_level":"","_global_stock_mode":"","_global_stock_cap":"","_tribe_rsvp_for_event":"","_tribe_ticket_going_count":"","_tribe_ticket_not_going_count":"","_tribe_tickets_list":"[]","_tribe_ticket_has_attendee_info_fields":false,"footnotes":""},"class_list":["post-27993","page","type-page","status-publish","has-post-thumbnail","hentry","pmpro-has-access"],"acf":[],"_links":{"self":[{"href":"https:\/\/winback-academy.org\/es\/wp-json\/wp\/v2\/pages\/27993","targetHints":{"allow":["GET"]}}],"collection":[{"href":"https:\/\/winback-academy.org\/es\/wp-json\/wp\/v2\/pages"}],"about":[{"href":"https:\/\/winback-academy.org\/es\/wp-json\/wp\/v2\/types\/page"}],"author":[{"embeddable":true,"href":"https:\/\/winback-academy.org\/es\/wp-json\/wp\/v2\/users\/27"}],"replies":[{"embeddable":true,"href":"https:\/\/winback-academy.org\/es\/wp-json\/wp\/v2\/comments?post=27993"}],"version-history":[{"count":3,"href":"https:\/\/winback-academy.org\/es\/wp-json\/wp\/v2\/pages\/27993\/revisions"}],"predecessor-version":[{"id":82049,"href":"https:\/\/winback-academy.org\/es\/wp-json\/wp\/v2\/pages\/27993\/revisions\/82049"}],"wp:featuredmedia":[{"embeddable":true,"href":"https:\/\/winback-academy.org\/es\/wp-json\/wp\/v2\/media\/28109"}],"wp:attachment":[{"href":"https:\/\/winback-academy.org\/es\/wp-json\/wp\/v2\/media?parent=27993"}],"curies":[{"name":"wp","href":"https:\/\/api.w.org\/{rel}","templated":true}]}}