{"id":22113,"date":"2022-02-21T18:52:26","date_gmt":"2022-02-21T17:52:26","guid":{"rendered":"https:\/\/winback-academy.org\/menciones-legales\/"},"modified":"2022-03-08T12:38:46","modified_gmt":"2022-03-08T11:38:46","slug":"menciones-legales","status":"publish","type":"page","link":"https:\/\/winback-academy.org\/es\/menciones-legales\/","title":{"rendered":"Menciones legales"},"content":{"rendered":"\t\t<div data-elementor-type=\"wp-page\" data-elementor-id=\"22113\" class=\"elementor elementor-22113 elementor-17457\" data-elementor-post-type=\"page\">\n\t\t\t\t\t\t<section class=\"elementor-section elementor-top-section elementor-element elementor-element-f993deb elementor-section-boxed elementor-section-height-default elementor-section-height-default\" data-id=\"f993deb\" data-element_type=\"section\">\n\t\t\t\t\t\t<div class=\"elementor-container elementor-column-gap-default\">\n\t\t\t\t\t<div class=\"elementor-column elementor-col-100 elementor-top-column elementor-element elementor-element-7689151a\" data-id=\"7689151a\" data-element_type=\"column\">\n\t\t\t<div class=\"elementor-widget-wrap elementor-element-populated\">\n\t\t\t\t\t\t<div class=\"elementor-element elementor-element-a0a6000 elementor-widget elementor-widget-image\" data-id=\"a0a6000\" data-element_type=\"widget\" data-widget_type=\"image.default\">\n\t\t\t\t<div class=\"elementor-widget-container\">\n\t\t\t\t\t\t\t\t\t\t\t\t\t\t\t<img decoding=\"async\" src=\"https:\/\/winback-academy.org\/wp-content\/uploads\/elementor\/thumbs\/wk_academy_vertical_bicolor_black-rbv4kk7m105cynn6u1v4tlvq79nhv8il9etudsnh4a.png\" title=\"wk_academy_vertical_bicolor_black\" alt=\"wk_academy_vertical_bicolor_black\" loading=\"lazy\" \/>\t\t\t\t\t\t\t\t\t\t\t\t\t\t\t<\/div>\n\t\t\t\t<\/div>\n\t\t\t\t<div class=\"elementor-element elementor-element-cca3b9b elementor-widget elementor-widget-heading\" data-id=\"cca3b9b\" data-element_type=\"widget\" data-widget_type=\"heading.default\">\n\t\t\t\t<div class=\"elementor-widget-container\">\n\t\t\t\t\t<h1 class=\"elementor-heading-title elementor-size-default\">Menciones legales<\/h1>\t\t\t\t<\/div>\n\t\t\t\t<\/div>\n\t\t\t\t<div class=\"elementor-element elementor-element-1c3b2463 elementor-widget elementor-widget-text-editor\" data-id=\"1c3b2463\" data-element_type=\"widget\" data-widget_type=\"text-editor.default\">\n\t\t\t\t<div class=\"elementor-widget-container\">\n\t\t\t\t\t<div class=\"bb-theme-elementor-wrap bb-elementor-custom-size\">\t\t\t\t<p><em>\u00daltima actualizaci\u00f3n: 11 de enero de 2022<\/em><\/p><h2>EDITORIAL<\/h2><p>La plataforma Winback Academy est\u00e1 editada por:<br>SWIMS SAS &#8211; Les Bureaux du Parc &#8211; 2474, route d\u00e9partementale 6007 &#8211; 06270 Villeneuve Loubet<br>N\u00daMERO DE IDENTIFICACI\u00d3N: 51529863600124<br>Puede ponerse en contacto con nosotros a trav\u00e9s de<br>Correo electr\u00f3nico: <a style=\"background-color: #fafbfd;\" href=\"mailto:hello@winback.com\">hello@winback.com<\/a><br>N\u00famero de tel\u00e9fono del Servicio de Atenci\u00f3n al Cliente: (+33) 4 83 66 16 66<\/p><p>Director de la publicaci\u00f3n: Christophe Bu\u00e9e, director general &#8211; <a href=\"mailto:hello@winback.com\">hello@winback.com<\/a><br>Webmaster: Christophe Bu\u00e9e, director general &#8211; <a href=\"mailto:hello@winback.com\">hello@winback.com<\/a><\/p><h2>ALOJAMIENTO WEB<\/h2><p>Nuestro alojamiento web es la empresa Infomaniak SA, Rue Eug\u00e8ne-Marziano 25 &#8211; Ginebra &#8211; Suiza. Puede ponerse en contacto con nuestro anfitri\u00f3n de la web en el (+41) 2 28 20 35 41 o escribiendo a <a href=\"mailto:support@infomaniak.com\">support@infomaniak.com<\/a>.<\/p><p>Los datos espec\u00edficos del registro est\u00e1n alojados en la empresa CleverCloud SAS, 3 rue de l&#8217;Allier, 44000 Nantes &#8211; Francia. Puede contactar con ellos en el (+33) 2 85 52 07 69 o en <a href=\"mailto:support@clever-cloud.com\">support@clever-cloud.com<\/a>.<\/p><h2>CONDICIONES GENERALES DE USO DEL SITIO WEB Y DE LOS SERVICIOS<\/h2><p>El uso del sitio web winback-academy.org implica la plena aceptaci\u00f3n de las condiciones generales de uso descritas a continuaci\u00f3n. Estas condiciones de uso pueden ser modificadas o complementadas en cualquier momento, por lo que se invita a los usuarios del sitio web winback-academy.org a consultarlas regularmente.<br>Este sitio es normalmente accesible a los usuarios en todo momento. Sin embargo, SWIMS SAS puede decidir interrumpir el sitio por motivos de mantenimiento t\u00e9cnico. En tal caso, SWIMS SAS se esforzar\u00e1 por informar a los usuarios con antelaci\u00f3n de las fechas y horarios de la intervenci\u00f3n.<br>El sitio web winback-academy.org se actualiza regularmente. Del mismo modo, las menciones legales pueden ser modificadas en cualquier momento: no obstante, son vinculantes para el usuario, al que se le invita a remitirse a ellas con la mayor frecuencia posible para leerlas.<\/p><h2>DESCRIPCI\u00d3N DE LOS SERVICIOS PRESTADOS<\/h2><p>El objetivo del sitio web winback-academy.org es proporcionar informaci\u00f3n sobre todas las actividades de la empresa.<br>SWIMS SAS se esfuerza por ofrecer en el sitio web winback-academy.org informaci\u00f3n lo m\u00e1s exacta posible. Sin embargo, no se le puede responsabilizar de las omisiones, inexactitudes y deficiencias en la actualizaci\u00f3n, ya sean culpa suya o de los terceros asociados que proporcionan esta informaci\u00f3n.<br>Toda la informaci\u00f3n proporcionada en el sitio web winback-academy.org se ofrece a t\u00edtulo indicativo y puede cambiar. Adem\u00e1s, la informaci\u00f3n del sitio web winback-academy.org no es exhaustiva. Se da bajo reserva de las modificaciones que se han producido desde que se puso en l\u00ednea.<\/p><h2>PROPIEDAD INTELECTUAL Y VIOLACI\u00d3N DE LOS DERECHOS DE AUTOR<\/h2><p>SWIMS SAS es propietaria de los derechos de propiedad intelectual o posee los derechos de uso sobre todos los elementos accesibles en el sitio, en particular los textos, im\u00e1genes, gr\u00e1ficos, logotipos, iconos, sonidos y software.<br>Cualquier reproducci\u00f3n, representaci\u00f3n, modificaci\u00f3n, publicaci\u00f3n, adaptaci\u00f3n de la totalidad o parte de los elementos del sitio, cualquiera que sea el medio o procedimiento utilizado, est\u00e1 prohibida, salvo autorizaci\u00f3n previa por escrito de: SWIMS SAS.<br>Cualquier uso no autorizado del sitio o de cualquiera de los elementos que contiene se considerar\u00e1 como constitutivo de una infracci\u00f3n y ser\u00e1 perseguido de acuerdo con las disposiciones de los art\u00edculos L.335-2 del C\u00f3digo de la Propiedad Intelectual.<br>Las normas de recogida y tratamiento de datos personales se describen en nuestra p\u00e1gina del RGPD.<\/p><h2>LIMITACIONES DE RESPONSABILIDAD<\/h2><p>Las comunidades interactivas (posibilidad de hacer preguntas) est\u00e1n a disposici\u00f3n de los usuarios. SWIMS SAS se reserva el derecho de eliminar, sin previo aviso, cualquier contenido publicado en estas secciones que viole la legislaci\u00f3n aplicable en Francia, en particular las disposiciones relativas a la protecci\u00f3n de datos. En su caso, SWIMS SAS tambi\u00e9n se reserva la posibilidad de invocar la responsabilidad civil y\/o penal del usuario, en particular en el caso de mensajes de car\u00e1cter racista, insultante, difamatorio o pornogr\u00e1fico, independientemente del soporte utilizado (texto, fotograf\u00edas, etc.).<\/p><p>Para cualquier denuncia relacionada con contenidos ilegales, le animamos a que se ponga en contacto directamente con la polic\u00eda.<br>La empresa SWIMS SAS tambi\u00e9n debe ser informada con el fin de tomar las medidas necesarias para evitar la repetici\u00f3n de un comportamiento ilegal por parte de este usuario de Internet. Puede enviarnos cualquier denuncia abusiva y\/o ilegal por correo electr\u00f3nico a la siguiente direcci\u00f3n: croux@winback.com<\/p><p>Espec\u00edfico para Francia: En el caso de los contenidos ilegales de Internet que son p\u00fablicos y accesibles para varios internautas, tambi\u00e9n se pueden denunciar de forma an\u00f3nima directamente a trav\u00e9s del sitio PHAROS desarrollado por el Ministerio del Interior y dedicado exclusivamente a la denuncia de contenidos ilegales de Internet: <a href=\"https:\/\/www.internet-signalement.gouv.fr\/PortailWeb\/planets\/SignalerEtapeAccepter!load.action\" target=\"_blank\" rel=\"noopener\">denunciar contenidos inapropiados<\/a><\/p><p>SWIMS SAS no se responsabiliza de las consecuencias y da\u00f1os derivados de la aplicaci\u00f3n de los consejos compartidos entre terceros a trav\u00e9s de la secci\u00f3n de la comunidad. Cualquier consejo compartido entre terceros o por nuestros entrenadores no constituye un consejo m\u00e9dico, un diagn\u00f3stico o una prescripci\u00f3n. Si tiene alguna duda o pregunta, p\u00f3ngase en contacto con la empresa en la siguiente direcci\u00f3n: <a href=\"mailto:hello@winback.com\">hello@winback.com<\/a>.<\/p>\t\t\t\t<\/div>\t\t\t\t<\/div>\n\t\t\t\t<\/div>\n\t\t\t\t\t<\/div>\n\t\t<\/div>\n\t\t\t\t\t<\/div>\n\t\t<\/section>\n\t\t\t\t<\/div>\n\t\t","protected":false},"excerpt":{"rendered":"<p>Menciones legales \u00daltima actualizaci\u00f3n: 11 de enero de 2022 EDITORIAL La plataforma Winback Academy est\u00e1 editada por:SWIMS SAS &#8211; Les Bureaux du Parc &#8211; 2474,&hellip;<\/p>\n","protected":false},"author":27,"featured_media":0,"parent":0,"menu_order":0,"comment_status":"closed","ping_status":"closed","template":"page-fullscreen.php","meta":{"_acf_changed":false,"_eb_attr":"","content-type":"","pmpro_default_level":"","_price":"","_stock":"","_tribe_ticket_header":"","_tribe_default_ticket_provider":"","_tribe_ticket_capacity":"0","_ticket_start_date":"","_ticket_end_date":"","_tribe_ticket_show_description":"","_tribe_ticket_show_not_going":false,"_tribe_ticket_use_global_stock":"","_tribe_ticket_global_stock_level":"","_global_stock_mode":"","_global_stock_cap":"","_tribe_rsvp_for_event":"","_tribe_ticket_going_count":"","_tribe_ticket_not_going_count":"","_tribe_tickets_list":"[]","_tribe_ticket_has_attendee_info_fields":false,"footnotes":""},"class_list":["post-22113","page","type-page","status-publish","hentry","pmpro-has-access"],"acf":[],"_links":{"self":[{"href":"https:\/\/winback-academy.org\/es\/wp-json\/wp\/v2\/pages\/22113","targetHints":{"allow":["GET"]}}],"collection":[{"href":"https:\/\/winback-academy.org\/es\/wp-json\/wp\/v2\/pages"}],"about":[{"href":"https:\/\/winback-academy.org\/es\/wp-json\/wp\/v2\/types\/page"}],"author":[{"embeddable":true,"href":"https:\/\/winback-academy.org\/es\/wp-json\/wp\/v2\/users\/27"}],"replies":[{"embeddable":true,"href":"https:\/\/winback-academy.org\/es\/wp-json\/wp\/v2\/comments?post=22113"}],"version-history":[{"count":0,"href":"https:\/\/winback-academy.org\/es\/wp-json\/wp\/v2\/pages\/22113\/revisions"}],"wp:attachment":[{"href":"https:\/\/winback-academy.org\/es\/wp-json\/wp\/v2\/media?parent=22113"}],"curies":[{"name":"wp","href":"https:\/\/api.w.org\/{rel}","templated":true}]}}